{"id":5064,"date":"2025-10-16T08:38:50","date_gmt":"2025-10-16T07:38:50","guid":{"rendered":"https:\/\/www.bertiarredamenti.com\/?page_id=5064"},"modified":"2025-10-24T11:09:23","modified_gmt":"2025-10-24T10:09:23","slug":"privacy-policy-semplificata","status":"publish","type":"page","link":"https:\/\/www.bertiarredamenti.com\/es\/privacy-policy-semplificata\/","title":{"rendered":"Privacy-policy semplificata"},"content":{"rendered":"<div data-elementor-type=\"wp-page\" data-elementor-id=\"5064\" class=\"elementor elementor-5064\">\n\t\t\t\t<div class=\"elementor-element elementor-element-2f0eb1b e-con-full e-flex e-con e-parent\" data-id=\"2f0eb1b\" data-element_type=\"container\">\n\t\t\t\t<div class=\"elementor-element elementor-element-2c46d2a elementor-widget elementor-widget-text-editor\" data-id=\"2c46d2a\" data-element_type=\"widget\" data-widget_type=\"text-editor.default\">\n\t\t\t\t<div class=\"elementor-widget-container\">\n\t\t\t\t\t\t\t\t\t<p style=\"margin-bottom: 0px; font-variant-numeric: normal; font-variant-east-asian: normal; font-variant-alternates: normal; font-size-adjust: none; font-kerning: auto; font-optical-sizing: auto; font-feature-settings: normal; font-variation-settings: normal; font-variant-position: normal; font-variant-emoji: normal; font-stretch: normal; font-size: 10px; line-height: normal; ;font-family: DM Sans; color: #640000;\"><strong>AVISO DE PRIVACIDAD SOBRE EL TRATAMIENTO DE DATOS PERSONALES EN EL FORMULARIO DE CONTACTO<\/strong><\/p><p><span style=\"color: #000000; font-family: Helvetica; font-size: 10px;\">La informiamo che i dati che fornir\u00e0 al gestore del presente sito al momento della compilazione del \u201cform contatti\u201d del <\/span><span style=\"color: #000000; font-family: Helvetica; font-size: 10px;\">sito stesso, saranno trattati nel rispetto delle disposizioni di cui al Regolamento Europeo n. 679\/2016 \u201cGDPR\u201d in materia <\/span><span style=\"color: #000000; font-family: Helvetica; font-size: 10px;\">di protezione dei dati personali.<\/span><\/p><h6 style=\"margin-bottom: 0px; font-variant-numeric: normal; font-variant-east-asian: normal; font-variant-alternates: normal; font-size-adjust: none; font-kerning: auto; font-optical-sizing: auto; font-feature-settings: normal; font-variation-settings: normal; font-variant-position: normal; font-variant-emoji: normal; font-stretch: normal; font-size: 10px; line-height: normal; font-family: Helvetica; color: #3f6caf;\"><strong>1. RESPONSABLE DEL TRATAMIENTO<\/strong><\/h6><h6 style=\"margin-bottom: 0px; font-variant-numeric: normal; font-variant-east-asian: normal; font-variant-alternates: normal; font-size-adjust: none; font-kerning: auto; font-optical-sizing: auto; font-feature-settings: normal; font-variation-settings: normal; font-variant-position: normal; font-variant-emoji: normal; font-stretch: normal; font-size: 10px; line-height: normal; font-family: Helvetica; color: #000000;\">Il titolare del trattamento \u00e8 BERTI ARREDAMENTI SRL, con sede in Pisignano (RA), Via Confine n. 31 \u2013 dati di contatto:<\/h6><h6 style=\"margin-bottom: 0px; font-variant-numeric: normal; font-variant-east-asian: normal; font-variant-alternates: normal; font-size-adjust: none; font-kerning: auto; font-optical-sizing: auto; font-feature-settings: normal; font-variation-settings: normal; font-variant-position: normal; font-variant-emoji: normal; font-stretch: normal; font-size: 11px; line-height: normal; font-family: Helvetica; color: #0000ff;\">amministrazione@bertiarredamenti.com<\/h6><h6 style=\"margin-bottom: 0px; font-variant-numeric: normal; font-variant-east-asian: normal; font-variant-alternates: normal; font-size-adjust: none; font-kerning: auto; font-optical-sizing: auto; font-feature-settings: normal; font-variation-settings: normal; font-variant-position: normal; font-variant-emoji: normal; font-stretch: normal; font-size: 11px; line-height: normal; font-family: Helvetica; color: #0000ff;\">\u00a0<\/h6><h6 style=\"margin-bottom: 0px; font-variant-numeric: normal; font-variant-east-asian: normal; font-variant-alternates: normal; font-size-adjust: none; font-kerning: auto; font-optical-sizing: auto; font-feature-settings: normal; font-variation-settings: normal; font-variant-position: normal; font-variant-emoji: normal; font-stretch: normal; font-size: 10px; line-height: normal; font-family: Helvetica; color: #3f6caf;\"><strong>2. FINALIT\u00c0 DEL TRATTAMENTO DEI DATI PERSONALI<\/strong><\/h6><h6 style=\"margin-bottom: 0px; font-variant-numeric: normal; font-variant-east-asian: normal; font-variant-alternates: normal; font-size-adjust: none; font-kerning: auto; font-optical-sizing: auto; font-feature-settings: normal; font-variation-settings: normal; font-variant-position: normal; font-variant-emoji: normal; font-stretch: normal; font-size: 10px; line-height: normal; font-family: Helvetica; color: #000000;\">Los datos que nos facilite ser\u00e1n tratados exclusivamente con la finalidad de responder a las solicitudes que nos env\u00ede.<\/h6><h6 style=\"margin-bottom: 0px; font-variant-numeric: normal; font-variant-east-asian: normal; font-variant-alternates: normal; font-size-adjust: none; font-kerning: auto; font-optical-sizing: auto; font-feature-settings: normal; font-variation-settings: normal; font-variant-position: normal; font-variant-emoji: normal; font-stretch: normal; font-size: 10px; line-height: normal; font-family: Helvetica; color: #000000;\">\u00a0<\/h6><h6 style=\"margin-bottom: 0px; font-variant-numeric: normal; font-variant-east-asian: normal; font-variant-alternates: normal; font-size-adjust: none; font-kerning: auto; font-optical-sizing: auto; font-feature-settings: normal; font-variation-settings: normal; font-variant-position: normal; font-variant-emoji: normal; font-stretch: normal; font-size: 10px; line-height: normal; font-family: Helvetica; color: #3f6caf;\"><b>3. BASE JUR\u00cdDICA<\/b><\/h6><h6 style=\"margin-bottom: 0px; font-variant-numeric: normal; font-variant-east-asian: normal; font-variant-alternates: normal; font-size-adjust: none; font-kerning: auto; font-optical-sizing: auto; font-feature-settings: normal; font-variation-settings: normal; font-variant-position: normal; font-variant-emoji: normal; font-stretch: normal; font-size: 10px; line-height: normal; font-family: Helvetica; color: #000000;\">La base giuridica del trattamento \u00e8 rappresentata, quindi, dall\u2019esigenza di carattere precontrattuale da Lei espressa<\/h6><h6 style=\"margin-bottom: 0px; font-variant-numeric: normal; font-variant-east-asian: normal; font-variant-alternates: normal; font-size-adjust: none; font-kerning: auto; font-optical-sizing: auto; font-feature-settings: normal; font-variation-settings: normal; font-variant-position: normal; font-variant-emoji: normal; font-stretch: normal; font-size: 10px; line-height: normal; font-family: Helvetica; color: #000000;\">con l\u2019invio del quesito.<\/h6><h6 style=\"margin-bottom: 0px; font-variant-numeric: normal; font-variant-east-asian: normal; font-variant-alternates: normal; font-size-adjust: none; font-kerning: auto; font-optical-sizing: auto; font-feature-settings: normal; font-variation-settings: normal; font-variant-position: normal; font-variant-emoji: normal; font-stretch: normal; font-size: 10px; line-height: normal; font-family: Helvetica; color: #000000;\">\u00a0<\/h6><h6 style=\"margin-bottom: 0px; font-variant-numeric: normal; font-variant-east-asian: normal; font-variant-alternates: normal; font-size-adjust: none; font-kerning: auto; font-optical-sizing: auto; font-feature-settings: normal; font-variation-settings: normal; font-variant-position: normal; font-variant-emoji: normal; font-stretch: normal; font-size: 10px; line-height: normal; font-family: Helvetica; color: #3f6caf;\"><strong>4. NATURALEZA DEL SUMINISTRO DE LOS DATOS<\/strong><\/h6><h6 style=\"margin-bottom: 0px; font-variant-numeric: normal; font-variant-east-asian: normal; font-variant-alternates: normal; font-size-adjust: none; font-kerning: auto; font-optical-sizing: auto; font-feature-settings: normal; font-variation-settings: normal; font-variant-position: normal; font-variant-emoji: normal; font-stretch: normal; font-size: 10px; line-height: normal; font-family: Helvetica; color: #000000;\">Il conferimento dei suoi dati dei Suoi dati ha natura facoltativa, ma in mancanza non ci sar\u00e0 possibile inviare risposte<\/h6><h6 style=\"margin-bottom: 0px; font-variant-numeric: normal; font-variant-east-asian: normal; font-variant-alternates: normal; font-size-adjust: none; font-kerning: auto; font-optical-sizing: auto; font-feature-settings: normal; font-variation-settings: normal; font-variant-position: normal; font-variant-emoji: normal; font-stretch: normal; font-size: 10px; line-height: normal; font-family: Helvetica; color: #000000;\">a sus consultas.<\/h6><h6 style=\"margin-bottom: 0px; font-variant-numeric: normal; font-variant-east-asian: normal; font-variant-alternates: normal; font-size-adjust: none; font-kerning: auto; font-optical-sizing: auto; font-feature-settings: normal; font-variation-settings: normal; font-variant-position: normal; font-variant-emoji: normal; font-stretch: normal; font-size: 10px; line-height: normal; font-family: Helvetica; color: #000000;\">\u00a0<\/h6><h6 style=\"margin-bottom: 0px; font-variant-numeric: normal; font-variant-east-asian: normal; font-variant-alternates: normal; font-size-adjust: none; font-kerning: auto; font-optical-sizing: auto; font-feature-settings: normal; font-variation-settings: normal; font-variant-position: normal; font-variant-emoji: normal; font-stretch: normal; font-size: 10px; line-height: normal; font-family: Helvetica; color: #3f6caf;\"><strong>5. CATEGOR\u00cdAS DE DESTINATARIOS<\/strong><\/h6><h6 style=\"margin-bottom: 0px; font-variant-numeric: normal; font-variant-east-asian: normal; font-variant-alternates: normal; font-size-adjust: none; font-kerning: auto; font-optical-sizing: auto; font-feature-settings: normal; font-variation-settings: normal; font-variant-position: normal; font-variant-emoji: normal; font-stretch: normal; font-size: 10px; line-height: normal; font-family: Helvetica; color: #000000;\">Sus datos podr\u00e1n ser conocidos por las empresas encargadas del mantenimiento tecnol\u00f3gico del sitio web, cada una de<\/h6><h6 style=\"margin-bottom: 0px; font-variant-numeric: normal; font-variant-east-asian: normal; font-variant-alternates: normal; font-size-adjust: none; font-kerning: auto; font-optical-sizing: auto; font-feature-settings: normal; font-variation-settings: normal; font-variant-position: normal; font-variant-emoji: normal; font-stretch: normal; font-size: 10px; line-height: normal; font-family: Helvetica; color: #000000;\">quali nominata come Responsabile del trattamento e saranno trattati dal personale interno a ci\u00f2 espressamente<\/h6><h6 style=\"margin-bottom: 0px; font-variant-numeric: normal; font-variant-east-asian: normal; font-variant-alternates: normal; font-size-adjust: none; font-kerning: auto; font-optical-sizing: auto; font-feature-settings: normal; font-variation-settings: normal; font-variant-position: normal; font-variant-emoji: normal; font-stretch: normal; font-size: 10px; line-height: normal; font-family: Helvetica; color: #000000;\">incaricato.<\/h6><h6 style=\"margin-bottom: 0px; font-variant-numeric: normal; font-variant-east-asian: normal; font-variant-alternates: normal; font-size-adjust: none; font-kerning: auto; font-optical-sizing: auto; font-feature-settings: normal; font-variation-settings: normal; font-variant-position: normal; font-variant-emoji: normal; font-stretch: normal; font-size: 10px; line-height: normal; font-family: Helvetica; color: #000000;\">\u00a0<\/h6><h6 style=\"margin-bottom: 0px; font-variant-numeric: normal; font-variant-east-asian: normal; font-variant-alternates: normal; font-size-adjust: none; font-kerning: auto; font-optical-sizing: auto; font-feature-settings: normal; font-variation-settings: normal; font-variant-position: normal; font-variant-emoji: normal; font-stretch: normal; font-size: 10px; line-height: normal; font-family: Helvetica; color: #3f6caf;\"><strong>6. CONSERVACI\u00d3N<\/strong><\/h6><h6 style=\"margin-bottom: 0px; font-variant-numeric: normal; font-variant-east-asian: normal; font-variant-alternates: normal; font-size-adjust: none; font-kerning: auto; font-optical-sizing: auto; font-feature-settings: normal; font-variation-settings: normal; font-variant-position: normal; font-variant-emoji: normal; font-stretch: normal; font-size: 10px; line-height: normal; font-family: Helvetica; color: #000000;\">Los datos que nos transmita ser\u00e1n conservados durante el tiempo necesario para proporcionarle la respuesta solicitada.<\/h6><h6 style=\"margin-bottom: 0px; font-variant-numeric: normal; font-variant-east-asian: normal; font-variant-alternates: normal; font-size-adjust: none; font-kerning: auto; font-optical-sizing: auto; font-feature-settings: normal; font-variation-settings: normal; font-variant-position: normal; font-variant-emoji: normal; font-stretch: normal; font-size: 10px; line-height: normal; font-family: Helvetica; color: #000000;\">\u00a0<\/h6><h6 style=\"margin-bottom: 0px; font-variant-numeric: normal; font-variant-east-asian: normal; font-variant-alternates: normal; font-size-adjust: none; font-kerning: auto; font-optical-sizing: auto; font-feature-settings: normal; font-variation-settings: normal; font-variant-position: normal; font-variant-emoji: normal; font-stretch: normal; font-size: 10px; line-height: normal; font-family: Helvetica; color: #3f6caf;\"><strong>7. DIRITTI DELL\u2019INTERESSATO<\/strong><\/h6><h6 style=\"margin-bottom: 0px; font-variant-numeric: normal; font-variant-east-asian: normal; font-variant-alternates: normal; font-size-adjust: none; font-kerning: auto; font-optical-sizing: auto; font-feature-settings: normal; font-variation-settings: normal; font-variant-position: normal; font-variant-emoji: normal; font-stretch: normal; font-size: 10px; line-height: normal; font-family: Helvetica; color: #000000;\">In ogni momento, potr\u00e0 esercitare i diritti previsti dagli artt. 15-21 del regolamento 679\/16, vale a dire accedere ai dati<\/h6><h6 style=\"margin-bottom: 0px; font-variant-numeric: normal; font-variant-east-asian: normal; font-variant-alternates: normal; font-size-adjust: none; font-kerning: auto; font-optical-sizing: auto; font-feature-settings: normal; font-variation-settings: normal; font-variant-position: normal; font-variant-emoji: normal; font-stretch: normal; font-size: 10px; line-height: normal; font-family: Helvetica; color: #000000;\">que le conciernen, solicitar su rectificaci\u00f3n, supresi\u00f3n, limitaci\u00f3n del tratamiento,<\/h6><h6 style=\"margin-bottom: 0px; font-variant-numeric: normal; font-variant-east-asian: normal; font-variant-alternates: normal; font-size-adjust: none; font-kerning: auto; font-optical-sizing: auto; font-feature-settings: normal; font-variation-settings: normal; font-variant-position: normal; font-variant-emoji: normal; font-stretch: normal; font-size: 11px; line-height: normal; font-family: Helvetica; color: #0000ff;\"><span style=\"font-variant-numeric: normal; font-variant-east-asian: normal; font-variant-alternates: normal; font-size-adjust: none; font-kerning: auto; font-optical-sizing: auto; font-feature-settings: normal; font-variation-settings: normal; font-variant-position: normal; font-variant-emoji: normal; font-stretch: normal; font-size: 10px; line-height: normal; color: #000000;\">scrivendo all\u2019indirizzo: <\/span>amministrazione@bertiarredamenti.com<\/h6><h6 style=\"font-variant-numeric: normal; font-variant-east-asian: normal; font-variant-alternates: normal; font-size-adjust: none; font-kerning: auto; font-optical-sizing: auto; font-feature-settings: normal; font-variation-settings: normal; font-variant-position: normal; font-variant-emoji: normal; font-stretch: normal; font-size: 10px; line-height: normal; font-family: Helvetica; color: #000000;\">Inoltre, potr\u00e0 rivolgersi al Garante per la protezione dei dati personali o ad altra Autorit\u00e0 per proporre un reclamo inmerito al trattamento degli stessi.<\/h6><h6 style=\"font-variant-numeric: normal; font-variant-east-asian: normal; font-variant-alternates: normal; font-size-adjust: none; font-kerning: auto; font-optical-sizing: auto; font-feature-settings: normal; font-variation-settings: normal; font-variant-position: normal; font-variant-emoji: normal; font-stretch: normal; font-size: 12px; line-height: normal; font-family: Helvetica; color: #000000;\"><strong>Per la lettura dell\u2019informativa estesa del Sito <a href=\"https:\/\/www.bertiarredamenti.com\/es\/privacy-policy\/\">haga clic aqu\u00ed.<\/a>.<\/strong><\/h6>\t\t\t\t\t\t\t\t<\/div>\n\t\t\t\t<\/div>\n\t\t\t\t<\/div>\n\t\t\t\t<\/div>","protected":false},"excerpt":{"rendered":"<p>INFORMATIVA PRIVACY SUL TRATTAMENTO DEI DATI PERSONALI NEL FORM CONTATTI La informiamo che i dati che fornir\u00e0 al gestore del presente sito al momento della compilazione del \u201cform contatti\u201d del sito stesso, saranno trattati nel rispetto delle disposizioni di cui al Regolamento Europeo n. 679\/2016 \u201cGDPR\u201d in materia di protezione dei dati personali. 1. TITOLARE [&hellip;]<\/p>","protected":false},"author":3,"featured_media":0,"parent":0,"menu_order":0,"comment_status":"closed","ping_status":"closed","template":"","meta":{"footnotes":""},"class_list":["post-5064","page","type-page","status-publish","hentry"],"_links":{"self":[{"href":"https:\/\/www.bertiarredamenti.com\/es\/wp-json\/wp\/v2\/pages\/5064","targetHints":{"allow":["GET"]}}],"collection":[{"href":"https:\/\/www.bertiarredamenti.com\/es\/wp-json\/wp\/v2\/pages"}],"about":[{"href":"https:\/\/www.bertiarredamenti.com\/es\/wp-json\/wp\/v2\/types\/page"}],"author":[{"embeddable":true,"href":"https:\/\/www.bertiarredamenti.com\/es\/wp-json\/wp\/v2\/users\/3"}],"replies":[{"embeddable":true,"href":"https:\/\/www.bertiarredamenti.com\/es\/wp-json\/wp\/v2\/comments?post=5064"}],"version-history":[{"count":0,"href":"https:\/\/www.bertiarredamenti.com\/es\/wp-json\/wp\/v2\/pages\/5064\/revisions"}],"wp:attachment":[{"href":"https:\/\/www.bertiarredamenti.com\/es\/wp-json\/wp\/v2\/media?parent=5064"}],"curies":[{"name":"wp","href":"https:\/\/api.w.org\/{rel}","templated":true}]}}