{"id":4951,"date":"2025-07-08T11:48:35","date_gmt":"2025-07-08T10:48:35","guid":{"rendered":"https:\/\/www.bertiarredamenti.com\/?page_id=4951"},"modified":"2025-11-17T12:44:35","modified_gmt":"2025-11-17T11:44:35","slug":"sr","status":"publish","type":"page","link":"https:\/\/www.bertiarredamenti.com\/es\/servizi\/arredo-su-misura\/sr\/","title":{"rendered":"Referencia al proyecto Savile Row"},"content":{"rendered":"<div data-elementor-type=\"wp-page\" data-elementor-id=\"4951\" class=\"elementor elementor-4951\">\n\t\t\t\t<div class=\"elementor-element elementor-element-6fd1031 e-flex e-con-boxed e-con e-parent\" data-id=\"6fd1031\" data-element_type=\"container\">\n\t\t\t\t\t<div class=\"e-con-inner\">\n\t\t\t\t<div class=\"elementor-element elementor-element-3a3573f elementor-arrows-position-inside elementor-widget elementor-widget-image-carousel\" data-id=\"3a3573f\" data-element_type=\"widget\" data-settings=\"{&quot;slides_to_show&quot;:&quot;2&quot;,&quot;navigation&quot;:&quot;arrows&quot;,&quot;image_spacing_custom&quot;:{&quot;unit&quot;:&quot;px&quot;,&quot;size&quot;:10,&quot;sizes&quot;:[]},&quot;autoplay&quot;:&quot;yes&quot;,&quot;pause_on_hover&quot;:&quot;yes&quot;,&quot;pause_on_interaction&quot;:&quot;yes&quot;,&quot;autoplay_speed&quot;:5000,&quot;infinite&quot;:&quot;yes&quot;,&quot;speed&quot;:500,&quot;image_spacing_custom_tablet&quot;:{&quot;unit&quot;:&quot;px&quot;,&quot;size&quot;:&quot;&quot;,&quot;sizes&quot;:[]},&quot;image_spacing_custom_mobile&quot;:{&quot;unit&quot;:&quot;px&quot;,&quot;size&quot;:&quot;&quot;,&quot;sizes&quot;:[]}}\" data-widget_type=\"image-carousel.default\">\n\t\t\t\t<div class=\"elementor-widget-container\">\n\t\t\t\t\t\t\t<div class=\"elementor-image-carousel-wrapper swiper\" role=\"region\" aria-roledescription=\"carousel\" aria-label=\"Carosello d&#039;immagini\" dir=\"ltr\">\n\t\t\t<div class=\"elementor-image-carousel swiper-wrapper swiper-image-stretch\" aria-live=\"off\">\n\t\t\t\t\t\t\t\t<div class=\"swiper-slide\" role=\"group\" aria-roledescription=\"slide\" aria-label=\"1 di 6\"><figure class=\"swiper-slide-inner\"><img decoding=\"async\" class=\"swiper-slide-image\" src=\"https:\/\/www.bertiarredamenti.com\/wp-content\/uploads\/2025\/09\/Savile-Row_1_Berti-arredamenti_.png\" alt=\"Savile Row_1_Berti arredamenti_\" \/><\/figure><\/div><div class=\"swiper-slide\" role=\"group\" aria-roledescription=\"slide\" aria-label=\"2 di 6\"><figure class=\"swiper-slide-inner\"><img decoding=\"async\" class=\"swiper-slide-image\" src=\"https:\/\/www.bertiarredamenti.com\/wp-content\/uploads\/2025\/09\/Savile-Row_2_Berti-arredamenti_.png\" alt=\"Savile Row_2_Berti arredamenti_\" \/><\/figure><\/div><div class=\"swiper-slide\" role=\"group\" aria-roledescription=\"slide\" aria-label=\"3 di 6\"><figure class=\"swiper-slide-inner\"><img decoding=\"async\" class=\"swiper-slide-image\" src=\"https:\/\/www.bertiarredamenti.com\/wp-content\/uploads\/2025\/09\/Savile-Row_3_Berti-arredamenti_.png\" alt=\"Savile Row_3_Berti arredamenti_\" \/><\/figure><\/div><div class=\"swiper-slide\" role=\"group\" aria-roledescription=\"slide\" aria-label=\"4 di 6\"><figure class=\"swiper-slide-inner\"><img decoding=\"async\" class=\"swiper-slide-image\" src=\"https:\/\/www.bertiarredamenti.com\/wp-content\/uploads\/2025\/09\/Savile-Row_4_Berti-arredamenti_.png\" alt=\"Savile Row_4_Berti arredamenti_\" \/><\/figure><\/div><div class=\"swiper-slide\" role=\"group\" aria-roledescription=\"slide\" aria-label=\"5 di 6\"><figure class=\"swiper-slide-inner\"><img decoding=\"async\" class=\"swiper-slide-image\" src=\"https:\/\/www.bertiarredamenti.com\/wp-content\/uploads\/2025\/09\/Savile-Row_5_Berti-arredamenti_.png\" alt=\"Savile Row_5_Berti arredamenti_\" \/><\/figure><\/div><div class=\"swiper-slide\" role=\"group\" aria-roledescription=\"slide\" aria-label=\"6 di 6\"><figure class=\"swiper-slide-inner\"><img decoding=\"async\" class=\"swiper-slide-image\" src=\"https:\/\/www.bertiarredamenti.com\/wp-content\/uploads\/2025\/09\/Savile-Row_6_Berti-arredamenti_.png\" alt=\"Savile Row_6_Berti arredamenti_\" \/><\/figure><\/div>\t\t\t<\/div>\n\t\t\t\t\t\t\t\t\t\t\t\t<div class=\"elementor-swiper-button elementor-swiper-button-prev\" role=\"button\" tabindex=\"0\">\n\t\t\t\t\t\t<svg aria-hidden=\"true\" class=\"e-font-icon-svg e-eicon-chevron-left\" viewbox=\"0 0 1000 1000\" xmlns=\"http:\/\/www.w3.org\/2000\/svg\"><path d=\"M646 125C629 125 613 133 604 142L308 442C296 454 292 471 292 487 292 504 296 521 308 533L604 854C617 867 629 875 646 875 663 875 679 871 692 858 704 846 713 829 713 812 713 796 708 779 692 767L438 487 692 225C700 217 708 204 708 187 708 171 704 154 692 142 675 129 663 125 646 125Z\"><\/path><\/svg>\t\t\t\t\t<\/div>\n\t\t\t\t\t<div class=\"elementor-swiper-button elementor-swiper-button-next\" role=\"button\" tabindex=\"0\">\n\t\t\t\t\t\t<svg aria-hidden=\"true\" class=\"e-font-icon-svg e-eicon-chevron-right\" viewbox=\"0 0 1000 1000\" xmlns=\"http:\/\/www.w3.org\/2000\/svg\"><path d=\"M696 533C708 521 713 504 713 487 713 471 708 454 696 446L400 146C388 133 375 125 354 125 338 125 325 129 313 142 300 154 292 171 292 187 292 204 296 221 308 233L563 492 304 771C292 783 288 800 288 817 288 833 296 850 308 863 321 871 338 875 354 875 371 875 388 867 400 854L696 533Z\"><\/path><\/svg>\t\t\t\t\t<\/div>\n\t\t\t\t\n\t\t\t\t\t\t\t\t\t<\/div>\n\t\t\t\t\t\t<\/div>\n\t\t\t\t<\/div>\n\t\t\t\t\t<\/div>\n\t\t\t\t<\/div>\n\t\t<div class=\"elementor-element elementor-element-5b6694d e-flex e-con-boxed e-con e-parent\" data-id=\"5b6694d\" data-element_type=\"container\">\n\t\t\t\t\t<div class=\"e-con-inner\">\n\t\t<div class=\"elementor-element elementor-element-ad0e970 e-con-full e-flex elementor-invisible e-con e-child\" data-id=\"ad0e970\" data-element_type=\"container\" data-settings=\"{&quot;animation&quot;:&quot;fadeInRight&quot;}\">\n\t\t\t\t<div class=\"elementor-element elementor-element-0e1c9da elementor-widget elementor-widget-heading\" data-id=\"0e1c9da\" data-element_type=\"widget\" data-widget_type=\"heading.default\">\n\t\t\t\t<div class=\"elementor-widget-container\">\n\t\t\t\t\t<h4 class=\"elementor-heading-title elementor-size-default\"><a href=\"https:\/\/www.bertiarredamenti.com\/es\/services\/arredo-su-misura\/\">#a medida<\/a><\/h4>\t\t\t\t<\/div>\n\t\t\t\t<\/div>\n\t\t\t\t<div class=\"elementor-element elementor-element-ddc6f2f elementor-widget elementor-widget-text-editor\" data-id=\"ddc6f2f\" data-element_type=\"widget\" data-widget_type=\"text-editor.default\">\n\t\t\t\t<div class=\"elementor-widget-container\">\n\t\t\t\t\t\t\t\t\t<p>Progetto realizzato in collaborazione con l&#8217;Arch. Tramonti Ulisse<\/p><p>Avere l\u2019opportunit\u00e0 di operare in contesti di questo valore non \u00e8 scontato, ma rappresenta per noi un vero onore.<br \/>La committenza desiderava creare uno spazio capace di accogliere i propri clienti in un ambiente elegante e rappresentativo, dove poter presentare i capi d\u2019abbigliamento e valorizzare la merce fornita dai partner del negozio.<br \/>Il negozio, tra i pi\u00f9 importanti e storici della zona, Savile Row, \u00e8 stato oggetto di un attento lavoro di uniformit\u00e0 stilistica: l\u2019arredo delle diverse stanze \u00e8 stato pensato per valorizzare la composizione in pianta, creando un ambiente ordinato, coerente e accogliente.<\/p>\t\t\t\t\t\t\t\t<\/div>\n\t\t\t\t<\/div>\n\t\t\t\t<\/div>\n\t\t\t\t\t<\/div>\n\t\t\t\t<\/div>\n\t\t<div class=\"elementor-element elementor-element-4443d0d e-flex e-con-boxed e-con e-parent\" data-id=\"4443d0d\" data-element_type=\"container\">\n\t\t\t\t\t<div class=\"e-con-inner\">\n\t\t\t\t<div class=\"elementor-element elementor-element-33be352 elementor-align-center elementor-widget elementor-widget-ot-btn\" data-id=\"33be352\" data-element_type=\"widget\" data-widget_type=\"ot-btn.default\">\n\t\t\t\t<div class=\"elementor-widget-container\">\n\t\t\t\t\t\t\t<div class=\"ot-button-wrapper\">\r\n\t\t\t<a href=\"https:\/\/www.bertiarredamenti.com\/es\/progetti\/\" class=\"octf-btn with-icon\">\r\n\t\t\t\tVer otros proyectos\t\t\t\t\t\t\t\t\t<i aria-hidden=\"true\" class=\"arrow_right\"><\/i>\t\t\t\t\t\t\t<\/a>\r\n\t    <\/div>\r\n\t    \t\t\t\t<\/div>\n\t\t\t\t<\/div>\n\t\t\t\t\t<\/div>\n\t\t\t\t<\/div>\n\t\t\t\t<\/div>","protected":false},"excerpt":{"rendered":"<p>#su misura Progetto realizzato in collaborazione con l&#8217;Arch. Tramonti Ulisse Avere l\u2019opportunit\u00e0 di operare in contesti di questo valore non \u00e8 scontato, ma rappresenta per noi un vero onore.La committenza desiderava creare uno spazio capace di accogliere i propri clienti in un ambiente elegante e rappresentativo, dove poter presentare i capi d\u2019abbigliamento e valorizzare la [&hellip;]<\/p>","protected":false},"author":3,"featured_media":0,"parent":4079,"menu_order":0,"comment_status":"closed","ping_status":"closed","template":"","meta":{"footnotes":""},"class_list":["post-4951","page","type-page","status-publish","hentry"],"_links":{"self":[{"href":"https:\/\/www.bertiarredamenti.com\/es\/wp-json\/wp\/v2\/pages\/4951","targetHints":{"allow":["GET"]}}],"collection":[{"href":"https:\/\/www.bertiarredamenti.com\/es\/wp-json\/wp\/v2\/pages"}],"about":[{"href":"https:\/\/www.bertiarredamenti.com\/es\/wp-json\/wp\/v2\/types\/page"}],"author":[{"embeddable":true,"href":"https:\/\/www.bertiarredamenti.com\/es\/wp-json\/wp\/v2\/users\/3"}],"replies":[{"embeddable":true,"href":"https:\/\/www.bertiarredamenti.com\/es\/wp-json\/wp\/v2\/comments?post=4951"}],"version-history":[{"count":0,"href":"https:\/\/www.bertiarredamenti.com\/es\/wp-json\/wp\/v2\/pages\/4951\/revisions"}],"up":[{"embeddable":true,"href":"https:\/\/www.bertiarredamenti.com\/es\/wp-json\/wp\/v2\/pages\/4079"}],"wp:attachment":[{"href":"https:\/\/www.bertiarredamenti.com\/es\/wp-json\/wp\/v2\/media?parent=4951"}],"curies":[{"name":"wp","href":"https:\/\/api.w.org\/{rel}","templated":true}]}}