{"id":4079,"date":"2024-01-08T07:18:16","date_gmt":"2024-01-08T07:18:16","guid":{"rendered":"https:\/\/archi2.oceanthemes.site\/side-navigation\/?page_id=4079"},"modified":"2025-07-10T13:18:54","modified_gmt":"2025-07-10T12:18:54","slug":"arredo-su-misura","status":"publish","type":"page","link":"https:\/\/www.bertiarredamenti.com\/es\/servizi\/arredo-su-misura\/","title":{"rendered":"Mobili a medida"},"content":{"rendered":"<div data-elementor-type=\"wp-page\" data-elementor-id=\"4079\" class=\"elementor elementor-4079\">\n\t\t\t\t<div class=\"elementor-element elementor-element-e1c737c e-flex e-con-boxed e-con e-parent\" data-id=\"e1c737c\" data-element_type=\"container\">\n\t\t\t\t\t<div class=\"e-con-inner\">\n\t\t<div class=\"elementor-element elementor-element-21831ab e-con-full e-flex e-con e-child\" data-id=\"21831ab\" data-element_type=\"container\">\n\t\t<div class=\"elementor-element elementor-element-1946aee e-con-full e-flex elementor-invisible e-con e-child\" data-id=\"1946aee\" data-element_type=\"container\" data-settings=\"{&quot;animation&quot;:&quot;fadeInRight&quot;}\">\n\t\t\t\t<div class=\"elementor-element elementor-element-0a95191 elementor-widget elementor-widget-heading\" data-id=\"0a95191\" data-element_type=\"widget\" data-widget_type=\"heading.default\">\n\t\t\t\t<div class=\"elementor-widget-container\">\n\t\t\t\t\t<h2 class=\"elementor-heading-title elementor-size-default\">Mobili personalizados<\/h2>\t\t\t\t<\/div>\n\t\t\t\t<\/div>\n\t\t\t\t<div class=\"elementor-element elementor-element-ea02b82 elementor-widget elementor-widget-text-editor\" data-id=\"ea02b82\" data-element_type=\"widget\" data-widget_type=\"text-editor.default\">\n\t\t\t\t<div class=\"elementor-widget-container\">\n\t\t\t\t\t\t\t\t\t<p class=\"p1\">Berti Arredamenti crea <span class=\"s1\">muebles a medida<\/span> pensados para adaptarse perfectamente a los espacios, al estilo y a las necesidades de los clientes. Un servicio artesanal que une dise\u00f1o personalizado y atenci\u00f3n al detalle.<\/p><p class=\"p1\">Realizar muebles a medida significa <span class=\"s1\">crear piezas \u00fanicas<\/span>dise\u00f1adas espec\u00edficamente para cada ambiente: cocinas, salones, dormitorios, ba\u00f1os, oficinas o tiendas. No se trata de adaptar un producto existente, sino de <span class=\"s1\">dise\u00f1ar cada<\/span> elemento desde cero, eligiendo materiales, acabados y soluciones funcionales.<\/p><p>Nuestro servicio paso a paso:<\/p><ul><li>Sopralluogo e rilievo misure: Valutiamo insieme gli spazi e ascoltiamo le tue necessit\u00e0.<\/li><li>Progetto personalizzato: Disegniamo in 3D la soluzione pi\u00f9 adatta, con rendering realistici.<\/li><li>Producci\u00f3n artesanal: Fabricamos el mueble en nuestro taller, con materiales seleccionados.<\/li><li>Montaggio a regola d\u2019arte: Installiamo con precisione, garantendo funzionalit\u00e0 e bellezza.<\/li><\/ul><p class=\"p1\">Realizamos muebles a medida para:<\/p><ul><li><p class=\"p1\">Cocinas<\/p><\/li><li><p class=\"p1\">Salones y paredes equipadas<\/p><\/li><li><p class=\"p1\">Dormitorios principales y habitaciones infantiles<\/p><\/li><li><p class=\"p1\">Ba\u00f1os<\/p><\/li><li><p class=\"p1\">Entradas, vestidores, muebles para debajo de las escaleras<\/p><\/li><li><p class=\"p1\">Mobiliario para tiendas, oficinas y espacios comerciales<\/p><\/li><\/ul>\t\t\t\t\t\t\t\t<\/div>\n\t\t\t\t<\/div>\n\t\t\t\t<\/div>\n\t\t\t\t<\/div>\n\t\t<div class=\"elementor-element elementor-element-8aa7ec9 e-con-full e-flex elementor-invisible e-con e-child\" data-id=\"8aa7ec9\" data-element_type=\"container\" data-settings=\"{&quot;animation&quot;:&quot;fadeInUp&quot;,&quot;animation_delay&quot;:400}\">\n\t\t\t\t<div class=\"elementor-element elementor-element-0fa56d2 elementor-widget elementor-widget-image\" data-id=\"0fa56d2\" data-element_type=\"widget\" data-widget_type=\"image.default\">\n\t\t\t\t<div class=\"elementor-widget-container\">\n\t\t\t\t\t\t\t\t\t\t\t\t\t\t\t<img fetchpriority=\"high\" decoding=\"async\" width=\"1687\" height=\"2362\" src=\"https:\/\/www.bertiarredamenti.com\/wp-content\/uploads\/2025\/07\/E2A0745.jpg\" class=\"attachment-full size-full wp-image-4977\" alt=\"\" srcset=\"https:\/\/www.bertiarredamenti.com\/wp-content\/uploads\/2025\/07\/E2A0745.jpg 1687w, https:\/\/www.bertiarredamenti.com\/wp-content\/uploads\/2025\/07\/E2A0745-214x300.jpg 214w, https:\/\/www.bertiarredamenti.com\/wp-content\/uploads\/2025\/07\/E2A0745-731x1024.jpg 731w, https:\/\/www.bertiarredamenti.com\/wp-content\/uploads\/2025\/07\/E2A0745-768x1075.jpg 768w, https:\/\/www.bertiarredamenti.com\/wp-content\/uploads\/2025\/07\/E2A0745-1097x1536.jpg 1097w, https:\/\/www.bertiarredamenti.com\/wp-content\/uploads\/2025\/07\/E2A0745-1463x2048.jpg 1463w\" sizes=\"(max-width: 1687px) 100vw, 1687px\" \/>\t\t\t\t\t\t\t\t\t\t\t\t\t\t\t<\/div>\n\t\t\t\t<\/div>\n\t\t\t\t<\/div>\n\t\t\t\t\t<\/div>\n\t\t\t\t<\/div>\n\t\t<div class=\"elementor-element elementor-element-40cdc9e e-flex e-con-boxed e-con e-parent\" data-id=\"40cdc9e\" data-element_type=\"container\">\n\t\t\t\t\t<div class=\"e-con-inner\">\n\t\t<div class=\"elementor-element elementor-element-6bb0502 e-con-full e-flex e-con e-child\" data-id=\"6bb0502\" data-element_type=\"container\">\n\t\t<div class=\"elementor-element elementor-element-d3644b0 e-flex e-con-boxed e-con e-child\" data-id=\"d3644b0\" data-element_type=\"container\">\n\t\t\t\t\t<div class=\"e-con-inner\">\n\t\t\t\t<div class=\"elementor-element elementor-element-2051873 animated-fast elementor-invisible elementor-widget elementor-widget-heading\" data-id=\"2051873\" data-element_type=\"widget\" data-settings=\"{&quot;_animation&quot;:&quot;fadeInUp&quot;,&quot;_animation_delay&quot;:100}\" data-widget_type=\"heading.default\">\n\t\t\t\t<div class=\"elementor-widget-container\">\n\t\t\t\t\t<h3 class=\"elementor-heading-title elementor-size-default\">Nuestros proyectos<\/h3>\t\t\t\t<\/div>\n\t\t\t\t<\/div>\n\t\t\t\t<div class=\"elementor-element elementor-element-647a092 elementor-widget-divider--view-line_icon elementor-view-default elementor-widget-divider--element-align-center elementor-invisible elementor-widget elementor-widget-divider\" data-id=\"647a092\" data-element_type=\"widget\" data-settings=\"{&quot;_animation&quot;:&quot;fadeInUp&quot;,&quot;_animation_delay&quot;:100}\" data-widget_type=\"divider.default\">\n\t\t\t\t<div class=\"elementor-widget-container\">\n\t\t\t\t\t\t\t<div class=\"elementor-divider\">\n\t\t\t<span class=\"elementor-divider-separator\">\n\t\t\t\t\t\t\t<div class=\"elementor-icon elementor-divider__element\">\n\t\t\t\t\t<svg aria-hidden=\"true\" class=\"e-font-icon-svg e-fas-circle\" viewbox=\"0 0 512 512\" xmlns=\"http:\/\/www.w3.org\/2000\/svg\"><path d=\"M256 8C119 8 8 119 8 256s111 248 248 248 248-111 248-248S393 8 256 8z\"><\/path><\/svg><\/div>\n\t\t\t\t\t\t<\/span>\n\t\t<\/div>\n\t\t\t\t\t\t<\/div>\n\t\t\t\t<\/div>\n\t\t<div class=\"elementor-element elementor-element-d0c7952 animated-fast e-con-full e-flex elementor-invisible e-con e-child\" data-id=\"d0c7952\" data-element_type=\"container\" data-settings=\"{&quot;animation&quot;:&quot;fadeInLeft&quot;,&quot;animation_delay&quot;:100}\">\n\t\t\t\t<div class=\"elementor-element elementor-element-bf672a1 elementor-widget elementor-widget-text-editor\" data-id=\"bf672a1\" data-element_type=\"widget\" data-widget_type=\"text-editor.default\">\n\t\t\t\t<div class=\"elementor-widget-container\">\n\t\t\t\t\t\t\t\t\t<p class=\"p1\">Ogni progetto racconta una storia fatta di esigenze, spazi da valorizzare e soluzioni su misura. In questa sezione trovi una selezione di arredi realizzati per clienti privati e attivit\u00e0 commerciali: cucine, soggiorni, camere e ambienti su misura pensati per durare nel tempo.<\/p><p class=\"p2\">Materiali di qualit\u00e0, cura artigianale e attenzione al dettaglio<span class=\"s1\"> son el hilo conductor de cada creaci\u00f3n.<\/span><\/p>\t\t\t\t\t\t\t\t<\/div>\n\t\t\t\t<\/div>\n\t\t\t\t<\/div>\n\t\t\t\t\t<\/div>\n\t\t\t\t<\/div>\n\t\t\t\t<\/div>\n\t\t\t\t\t<\/div>\n\t\t\t\t<\/div>\n\t\t<div class=\"elementor-element elementor-element-933361a e-flex e-con-boxed e-con e-parent\" data-id=\"933361a\" data-element_type=\"container\">\n\t\t\t\t\t<div class=\"e-con-inner\">\n\t\t<div class=\"elementor-element elementor-element-6e6922b e-con-full e-flex e-con e-child\" data-id=\"6e6922b\" data-element_type=\"container\">\n\t\t\t\t<div class=\"elementor-element elementor-element-d0660ce elementor-widget elementor-widget-ot-service-box-image\" data-id=\"d0660ce\" data-element_type=\"widget\" data-widget_type=\"ot-service-box-image.default\">\n\t\t\t\t<div class=\"elementor-widget-container\">\n\t\t\t\t\t\r\n\t\t<div class=\"ot-service-box-image\">\r\n\t\t\t<a href=\"https:\/\/www.bertiarredamenti.com\/es\/servizi\/arredo-su-misura\/rm\/\" class=\"overlay\"><\/a>\r\n\t\t\t<div class=\"ot-service-box-image__content\">\r\n\t\t\t\t<h2 class=\"ot-service-box-image__title\">R.M.<\/h2>\t\t\t\t\t\t\t\t\t\t\t<\/div>\r\n\t\t\t<div class=\"bg-image\" data-bgimage=\"url(https:\/\/www.bertiarredamenti.com\/wp-content\/uploads\/2025\/07\/b063aa8d-1963-40a7-a980-a8d49014a12e-e1752135203169.jpg)\"><\/div>\r\n\t    <\/div>\r\n\r\n\t    \t\t\t\t<\/div>\n\t\t\t\t<\/div>\n\t\t\t\t<\/div>\n\t\t<div class=\"elementor-element elementor-element-c534085 e-con-full e-flex e-con e-child\" data-id=\"c534085\" data-element_type=\"container\">\n\t\t\t\t<div class=\"elementor-element elementor-element-5019b9e elementor-widget elementor-widget-ot-service-box-image\" data-id=\"5019b9e\" data-element_type=\"widget\" data-widget_type=\"ot-service-box-image.default\">\n\t\t\t\t<div class=\"elementor-widget-container\">\n\t\t\t\t\t\r\n\t\t<div class=\"ot-service-box-image\">\r\n\t\t\t<a href=\"https:\/\/www.bertiarredamenti.com\/es\/servizi\/arredo-su-misura\/sr\/\" class=\"overlay\"><\/a>\r\n\t\t\t<div class=\"ot-service-box-image__content\">\r\n\t\t\t\t<h2 class=\"ot-service-box-image__title\">Savile Row<\/h2>\t\t\t\t\t\t\t\t\t\t\t<\/div>\r\n\t\t\t<div class=\"bg-image\" data-bgimage=\"url(https:\/\/www.bertiarredamenti.com\/wp-content\/uploads\/2025\/07\/Berti-Arredamenti-Progetto-Saville-Row.jpg)\"><\/div>\r\n\t    <\/div>\r\n\r\n\t    \t\t\t\t<\/div>\n\t\t\t\t<\/div>\n\t\t\t\t<\/div>\n\t\t<div class=\"elementor-element elementor-element-daf1358 e-con-full e-flex e-con e-child\" data-id=\"daf1358\" data-element_type=\"container\">\n\t\t\t\t<div class=\"elementor-element elementor-element-5c3d1e5 elementor-widget elementor-widget-ot-service-box-image\" data-id=\"5c3d1e5\" data-element_type=\"widget\" data-widget_type=\"ot-service-box-image.default\">\n\t\t\t\t<div class=\"elementor-widget-container\">\n\t\t\t\t\t\r\n\t\t<div class=\"ot-service-box-image\">\r\n\t\t\t<a href=\"https:\/\/www.bertiarredamenti.com\/es\/servizi\/arredo-su-misura\/sb\/\" class=\"overlay\"><\/a>\r\n\t\t\t<div class=\"ot-service-box-image__content\">\r\n\t\t\t\t<h2 class=\"ot-service-box-image__title\">S.B.<\/h2>\t\t\t\t\t\t\t\t\t\t\t<\/div>\r\n\t\t\t<div class=\"bg-image\" data-bgimage=\"url(https:\/\/www.bertiarredamenti.com\/wp-content\/uploads\/2025\/07\/Berti-Arredamenti_Progetto-Barozzi_1.png)\"><\/div>\r\n\t    <\/div>\r\n\r\n\t    \t\t\t\t<\/div>\n\t\t\t\t<\/div>\n\t\t\t\t<\/div>\n\t\t<div class=\"elementor-element elementor-element-8539e14 e-con-full e-flex e-con e-child\" data-id=\"8539e14\" data-element_type=\"container\">\n\t\t\t\t<div class=\"elementor-element elementor-element-46b22a9 elementor-widget elementor-widget-ot-service-box-image\" data-id=\"46b22a9\" data-element_type=\"widget\" data-widget_type=\"ot-service-box-image.default\">\n\t\t\t\t<div class=\"elementor-widget-container\">\n\t\t\t\t\t\r\n\t\t<div class=\"ot-service-box-image\">\r\n\t\t\t<a href=\"https:\/\/www.bertiarredamenti.com\/es\/servizi\/arredo-su-misura\/mf\/\" class=\"overlay\"><\/a>\r\n\t\t\t<div class=\"ot-service-box-image__content\">\r\n\t\t\t\t<h2 class=\"ot-service-box-image__title\">M.F.<\/h2>\t\t\t\t\t\t\t\t\t\t\t<\/div>\r\n\t\t\t<div class=\"bg-image\" data-bgimage=\"url(https:\/\/www.bertiarredamenti.com\/wp-content\/uploads\/2025\/07\/Berti-Arredamenti-Progetto-Monaco.jpg)\"><\/div>\r\n\t    <\/div>\r\n\r\n\t    \t\t\t\t<\/div>\n\t\t\t\t<\/div>\n\t\t\t\t<\/div>\n\t\t<div class=\"elementor-element elementor-element-e1f7397 e-con-full e-flex e-con e-child\" data-id=\"e1f7397\" data-element_type=\"container\">\n\t\t\t\t<div class=\"elementor-element elementor-element-7a7fe53 elementor-widget elementor-widget-ot-service-box-image\" data-id=\"7a7fe53\" data-element_type=\"widget\" data-widget_type=\"ot-service-box-image.default\">\n\t\t\t\t<div class=\"elementor-widget-container\">\n\t\t\t\t\t\r\n\t\t<div class=\"ot-service-box-image\">\r\n\t\t\t<a href=\"https:\/\/www.bertiarredamenti.com\/es\/servizi\/arredo-su-misura\/cb\/\" class=\"overlay\"><\/a>\r\n\t\t\t<div class=\"ot-service-box-image__content\">\r\n\t\t\t\t<h2 class=\"ot-service-box-image__title\">C.B.<\/h2>\t\t\t\t\t\t\t\t\t\t\t<\/div>\r\n\t\t\t<div class=\"bg-image\" data-bgimage=\"url(https:\/\/www.bertiarredamenti.com\/wp-content\/uploads\/2025\/07\/Berti-Arredamenti-Progetto-San-Martino.jpg)\"><\/div>\r\n\t    <\/div>\r\n\r\n\t    \t\t\t\t<\/div>\n\t\t\t\t<\/div>\n\t\t\t\t<\/div>\n\t\t\t\t\t<\/div>\n\t\t\t\t<\/div>\n\t\t<div class=\"elementor-element elementor-element-7b57075 e-flex e-con-boxed e-con e-parent\" data-id=\"7b57075\" data-element_type=\"container\">\n\t\t\t\t\t<div class=\"e-con-inner\">\n\t\t<div class=\"elementor-element elementor-element-c6b731a e-con-full e-flex e-con e-child\" data-id=\"c6b731a\" data-element_type=\"container\" data-settings=\"{&quot;background_background&quot;:&quot;classic&quot;}\">\n\t\t<div class=\"elementor-element elementor-element-400205d e-con-full e-flex e-con e-child\" data-id=\"400205d\" data-element_type=\"container\">\n\t\t\t\t<div class=\"elementor-element elementor-element-eeb264d elementor-widget__width-initial elementor-widget elementor-widget-image\" data-id=\"eeb264d\" data-element_type=\"widget\" data-widget_type=\"image.default\">\n\t\t\t\t<div class=\"elementor-widget-container\">\n\t\t\t\t\t\t\t\t\t\t\t\t\t\t\t<img decoding=\"async\" width=\"1805\" height=\"606\" src=\"https:\/\/www.bertiarredamenti.com\/wp-content\/uploads\/2025\/06\/berti-lavora-con-noi.png\" class=\"attachment-full size-full wp-image-4919\" alt=\"\" srcset=\"https:\/\/www.bertiarredamenti.com\/wp-content\/uploads\/2025\/06\/berti-lavora-con-noi.png 1805w, https:\/\/www.bertiarredamenti.com\/wp-content\/uploads\/2025\/06\/berti-lavora-con-noi-300x101.png 300w, https:\/\/www.bertiarredamenti.com\/wp-content\/uploads\/2025\/06\/berti-lavora-con-noi-1024x344.png 1024w, https:\/\/www.bertiarredamenti.com\/wp-content\/uploads\/2025\/06\/berti-lavora-con-noi-768x258.png 768w, https:\/\/www.bertiarredamenti.com\/wp-content\/uploads\/2025\/06\/berti-lavora-con-noi-1536x516.png 1536w\" sizes=\"(max-width: 1805px) 100vw, 1805px\" \/>\t\t\t\t\t\t\t\t\t\t\t\t\t\t\t<\/div>\n\t\t\t\t<\/div>\n\t\t\t\t<\/div>\n\t\t<div class=\"elementor-element elementor-element-e1e3349 e-con-full e-flex e-con e-child\" data-id=\"e1e3349\" data-element_type=\"container\">\n\t\t\t\t<div class=\"elementor-element elementor-element-ec1b57c elementor-widget elementor-widget-heading\" data-id=\"ec1b57c\" data-element_type=\"widget\" data-widget_type=\"heading.default\">\n\t\t\t\t<div class=\"elementor-widget-container\">\n\t\t\t\t\t<h2 class=\"elementor-heading-title elementor-size-default\">\u00bfQuieres trabajar con nosotros?<\/h2>\t\t\t\t<\/div>\n\t\t\t\t<\/div>\n\t\t\t\t<div class=\"elementor-element elementor-element-2e546a4 elementor-widget elementor-widget-text-editor\" data-id=\"2e546a4\" data-element_type=\"widget\" data-widget_type=\"text-editor.default\">\n\t\t\t\t<div class=\"elementor-widget-container\">\n\t\t\t\t\t\t\t\t\t<p>\u00bfQuieres solicitar informaci\u00f3n o un presupuesto detallado para realizar tu proyecto? Escr\u00edbenos o ll\u00e1manos al n\u00famero indicado.<\/p><p>Nuestros operadores responden en italiano, ingl\u00e9s y espa\u00f1ol.<\/p>\t\t\t\t\t\t\t\t<\/div>\n\t\t\t\t<\/div>\n\t\t\t\t<div class=\"elementor-element elementor-element-6e73b55 elementor-align-left elementor-widget elementor-widget-ot-btn\" data-id=\"6e73b55\" data-element_type=\"widget\" data-widget_type=\"ot-btn.default\">\n\t\t\t\t<div class=\"elementor-widget-container\">\n\t\t\t\t\t\t\t<div class=\"ot-button-wrapper\">\r\n\t\t\t<a href=\"https:\/\/www.bertiarredamenti.com\/es\/contatti\/\" class=\"octf-btn with-icon\">\r\n\t\t\t\tcontactos\t\t\t\t\t\t\t\t\t<i aria-hidden=\"true\" class=\"arrow_right\"><\/i>\t\t\t\t\t\t\t<\/a>\r\n\t    <\/div>\r\n\t    \t\t\t\t<\/div>\n\t\t\t\t<\/div>\n\t\t\t\t<\/div>\n\t\t\t\t<\/div>\n\t\t\t\t\t<\/div>\n\t\t\t\t<\/div>\n\t\t\t\t<\/div>","protected":false},"excerpt":{"rendered":"<p>Arredi personalizzati Berti Arredamenti crea mobili su misura pensati per adattarsi perfettamente agli spazi, allo stile e alle esigenze dei clienti. Un servizio artigianale che unisce progettazione personalizzata e cura del dettaglio. Realizzare arredi su misura significa creare mobili unici, progettati appositamente per ogni ambiente: cucine, soggiorni, camere da letto, bagni, uffici o negozi. Non [&hellip;]<\/p>","protected":false},"author":3,"featured_media":0,"parent":4025,"menu_order":0,"comment_status":"closed","ping_status":"closed","template":"","meta":{"footnotes":""},"class_list":["post-4079","page","type-page","status-publish","hentry"],"_links":{"self":[{"href":"https:\/\/www.bertiarredamenti.com\/es\/wp-json\/wp\/v2\/pages\/4079","targetHints":{"allow":["GET"]}}],"collection":[{"href":"https:\/\/www.bertiarredamenti.com\/es\/wp-json\/wp\/v2\/pages"}],"about":[{"href":"https:\/\/www.bertiarredamenti.com\/es\/wp-json\/wp\/v2\/types\/page"}],"author":[{"embeddable":true,"href":"https:\/\/www.bertiarredamenti.com\/es\/wp-json\/wp\/v2\/users\/3"}],"replies":[{"embeddable":true,"href":"https:\/\/www.bertiarredamenti.com\/es\/wp-json\/wp\/v2\/comments?post=4079"}],"version-history":[{"count":0,"href":"https:\/\/www.bertiarredamenti.com\/es\/wp-json\/wp\/v2\/pages\/4079\/revisions"}],"up":[{"embeddable":true,"href":"https:\/\/www.bertiarredamenti.com\/es\/wp-json\/wp\/v2\/pages\/4025"}],"wp:attachment":[{"href":"https:\/\/www.bertiarredamenti.com\/es\/wp-json\/wp\/v2\/media?parent=4079"}],"curies":[{"name":"wp","href":"https:\/\/api.w.org\/{rel}","templated":true}]}}